{"id":2843,"date":"2016-01-07T00:18:01","date_gmt":"2016-01-06T23:18:01","guid":{"rendered":"http:\/\/www.clear-c.com\/site\/audio-pro-copy\/"},"modified":"2021-01-23T14:34:54","modified_gmt":"2021-01-23T13:34:54","slug":"clear-cut-inc-consumer-electronics","status":"publish","type":"page","link":"https:\/\/www.clear-c.com\/site\/clear-cut-inc-consumer-electronics\/","title":{"rendered":"Consumer Electronics"},"content":{"rendered":"<!--themify_builder_content-->\n<div id=\"themify_builder_content-2843\" data-postid=\"2843\" class=\"themify_builder_content themify_builder_content-2843 themify_builder tf_clear\">\n                    <div  data-desktop-padding=\"30px,20px\" data-css_id=\"8d13789\" data-lazy=\"1\" class=\"module_row themify_builder_row fullheight fullwidth_row_container tb_8d13789 tb_first tf_w\">\n                        <div class=\"row_inner col_align_top tb_col_count_1 tf_box tf_rel\">\n                        <div  data-lazy=\"1\" class=\"module_column tb-column col-full tb_bbzw791 first\">\n                            <div  data-lazy=\"1\" class=\"module_subrow themify_builder_sub_row tf_w col_align_top tb_col_count_2 tb_s0xo792\">\n                <div  data-lazy=\"1\" class=\"module_column sub_column col4-2 tb_1qit793 first\">\n                            <\/div>\n                    <div  data-lazy=\"1\" class=\"module_column sub_column col4-2 tb_k7nx793 last\">\n                    <!-- module text -->\n<div  class=\"module module-text tb_ta8w793   \" data-lazy=\"1\">\n    <h3 class=\"module-title\">Electr\u00f3nica de Consumo<\/h3>    <div  class=\"tb_text_wrap\">\n        <p>Clear Cut, Inc. ha sido nombrado distribudor exclusivo de la prestigiosa marca de aud\u00edfonos KOSS para Am\u00e9rica Latina.<\/p>    <\/div>\n<\/div>\n<!-- \/module text -->        <\/div>\n                    <\/div>\n                <\/div>\n                        <\/div>\n        <\/div>\n        <\/div>\n<!--\/themify_builder_content-->","protected":false},"excerpt":{"rendered":"<p>Electr\u00f3nica de Consumo Clear Cut, Inc. ha sido nombrado distribudor exclusivo de la prestigiosa marca de aud\u00edfonos KOSS para Am\u00e9rica Latina.<\/p>\n","protected":false},"author":1,"featured_media":0,"parent":0,"menu_order":0,"comment_status":"closed","ping_status":"closed","template":"","meta":{"footnotes":""},"class_list":["post-2843","page","type-page","status-publish","hentry","has-post-title","has-post-date","has-post-category","has-post-tag","has-post-comment","has-post-author",""],"builder_content":"<h3>Electr\u00f3nica de Consumo<\/h3> <p>Clear Cut, Inc. ha sido nombrado distribudor exclusivo de la prestigiosa marca de aud\u00edfonos KOSS para Am\u00e9rica Latina.<\/p>","_links":{"self":[{"href":"https:\/\/www.clear-c.com\/site\/wp-json\/wp\/v2\/pages\/2843","targetHints":{"allow":["GET"]}}],"collection":[{"href":"https:\/\/www.clear-c.com\/site\/wp-json\/wp\/v2\/pages"}],"about":[{"href":"https:\/\/www.clear-c.com\/site\/wp-json\/wp\/v2\/types\/page"}],"author":[{"embeddable":true,"href":"https:\/\/www.clear-c.com\/site\/wp-json\/wp\/v2\/users\/1"}],"replies":[{"embeddable":true,"href":"https:\/\/www.clear-c.com\/site\/wp-json\/wp\/v2\/comments?post=2843"}],"version-history":[{"count":3,"href":"https:\/\/www.clear-c.com\/site\/wp-json\/wp\/v2\/pages\/2843\/revisions"}],"predecessor-version":[{"id":2974,"href":"https:\/\/www.clear-c.com\/site\/wp-json\/wp\/v2\/pages\/2843\/revisions\/2974"}],"wp:attachment":[{"href":"https:\/\/www.clear-c.com\/site\/wp-json\/wp\/v2\/media?parent=2843"}],"curies":[{"name":"wp","href":"https:\/\/api.w.org\/{rel}","templated":true}]}}