{"id":2823,"date":"2016-01-01T03:30:32","date_gmt":"2016-01-01T02:30:32","guid":{"rendered":"http:\/\/www.clear-c.com\/site\/?page_id=2823"},"modified":"2021-01-23T14:35:04","modified_gmt":"2021-01-23T13:35:04","slug":"clear-cut-quienes-somos","status":"publish","type":"page","link":"https:\/\/www.clear-c.com\/site\/clear-cut-quienes-somos\/","title":{"rendered":"Quienes Somos"},"content":{"rendered":"<!--themify_builder_content-->\n<div id=\"themify_builder_content-2823\" data-postid=\"2823\" class=\"themify_builder_content themify_builder_content-2823 themify_builder tf_clear\">\n                    <div  data-lazy=\"1\" class=\"module_row themify_builder_row tb_2z7c632 tb_first tf_w\">\n                        <div class=\"row_inner col_align_top tb_col_count_1 tf_box tf_rel\">\n                        <div  data-lazy=\"1\" class=\"module_column tb-column col-full tb_qc1n634 first\">\n                            <div  data-lazy=\"1\" class=\"module_subrow themify_builder_sub_row tf_w col_align_top tb_col_count_3 tb_sqwn635\">\n                <div  data-lazy=\"1\" class=\"module_column sub_column col4-1 tb_218c636 first\">\n                            <\/div>\n                    <div  data-lazy=\"1\" class=\"module_column sub_column col4-1 tb_hv3u636\">\n                            <\/div>\n                    <div  data-lazy=\"1\" class=\"module_column sub_column col4-2 tb_zxbt637 last\">\n                    <!-- module text -->\n<div  class=\"module module-text tb_3ndo637   \" data-lazy=\"1\">\n    <h3 class=\"module-title\">Mission Statement<\/h3>    <div  class=\"tb_text_wrap\">\n        <p>Clear Cut, Inc. se compone de un equipo humano altamente motivado, especializado en todos los aspectos del audio y video profesional. Nuestra meta es ser el proveedor l\u00edder para soluciones audiovisuales, ofreciendo la mejor soluci\u00f3n tecnol\u00f3gica, sin importar el tama\u00f1o de su presupuesto.<\/p><p>Clear Cut, Inc. provee:<br \/>&#8211; Venta de equipo y repuestos<br \/>&#8211; Dise\u00f1o de sistemas audiovisuales<br \/>&#8211; Proyectos \u00abllave en mano\u00bb<br \/>&#8211; Asesoramiento y servicio<\/p>    <\/div>\n<\/div>\n<!-- \/module text -->        <\/div>\n                    <\/div>\n                <\/div>\n                        <\/div>\n        <\/div>\n                        <div  data-lazy=\"1\" class=\"module_row themify_builder_row tb_j8m5632 tf_w\">\n            <span class=\"builder_row_cover tf_abs\"><\/span>            <div class=\"row_inner col_align_top tb_col_count_1 tf_box tf_rel\">\n                        <div  data-lazy=\"1\" class=\"module_column tb-column col-full tb_oldx639 first\">\n                    <!-- module text -->\n<div  class=\"module module-text tb_3p89639   \" data-lazy=\"1\">\n        <div  class=\"tb_text_wrap\">\n        <h1 style=\"text-align: center;\">Quienes Somos<\/h1>    <\/div>\n<\/div>\n<!-- \/module text --><!-- module text -->\n<div  class=\"module module-text tb_phhy639   \" data-lazy=\"1\">\n        <div  class=\"tb_text_wrap\">\n        <h4 style=\"text-align: center;\">Clear Cut Inc.<\/h4>    <\/div>\n<\/div>\n<!-- \/module text -->        <div  data-lazy=\"1\" class=\"module_subrow themify_builder_sub_row tf_w col_align_top tb_col_count_3 tb_h8zf639\">\n                <div  data-lazy=\"1\" class=\"module_column sub_column col3-1 tb_gegy640 first\">\n                    <!-- module text -->\n<div  class=\"module module-text tb_i045640  fullcover \" data-lazy=\"1\">\n        <div  class=\"tb_text_wrap\">\n        <p style=\"text-align: center;\">Un equipo con experiencia en el mundo del espect\u00e1culo. Desde 1987 observamos el avance tecnol\u00f3gico en audio y v\u00eddeo profesional.<\/p>    <\/div>\n<\/div>\n<!-- \/module text -->        <\/div>\n                    <div  data-lazy=\"1\" class=\"module_column sub_column col3-1 tb_q55s640\">\n                    <!-- module text -->\n<div  class=\"module module-text tb_3k9k641  fullcover \" data-lazy=\"1\">\n        <div  class=\"tb_text_wrap\">\n        <p style=\"text-align: center;\">Es un gusto ofrecer soluciones basadas en nuestra experiencia\u00a0a clientes en\u00a0toda Latinoam\u00e9rica.<\/p>    <\/div>\n<\/div>\n<!-- \/module text -->        <\/div>\n                    <div  data-lazy=\"1\" class=\"module_column sub_column col3-1 tb_kdox641 last\">\n                    <!-- module text -->\n<div  class=\"module module-text tb_tejk641  fullcover \" data-lazy=\"1\">\n        <div  class=\"tb_text_wrap\">\n        <p style=\"text-align: center;\">Desde soluciones para home studio hasta proyectos de televisi\u00f3n.\u00a0<a href=\"http:\/\/www.clear-c.com\/site\/contacto\/\">Escr\u00edbanos<\/a> y le asistiremos en su pr\u00f3ximo proyecto.<\/p>    <\/div>\n<\/div>\n<!-- \/module text -->        <\/div>\n                    <\/div>\n                <div  data-lazy=\"1\" class=\"module_subrow themify_builder_sub_row tf_w col_align_top tb_col_count_2 tb_wlws641\">\n                <div  data-lazy=\"1\" class=\"module_column sub_column col3-2 tb_ynvm642 first\">\n                    <!-- module image -->\n<div  class=\"module module-image tb_hq4s642 image-overlay   auto_fullwidth tf_mw\" data-lazy=\"1\">\n        <div class=\"image-wrap tf_rel tf_mw\">\n            <a href=\"http:\/\/www.clear-c.com\/site\/wp-content\/uploads\/2016\/07\/Oliver-en-brasil.jpg\">\n                   <img loading=\"lazy\" decoding=\"async\" src=\"http:\/\/www.clear-c.com\/site\/wp-content\/uploads\/2016\/07\/Oliver-en-brasil.jpg\" width=\"1200\" height=\"809\" title=\"Quienes Somos\" alt=\"Quienes Somos\">        <\/a>\n    \n    \n                <\/div>\n        <!-- \/image-wrap -->\n    <\/div>\n<!-- \/module image --><!-- module text -->\n<div  class=\"module module-text tb_v2p9642   \" data-lazy=\"1\">\n        <div  class=\"tb_text_wrap\">\n        <p style=\"text-align: center;\">Puesta en marcha y calibraci\u00f3n de sistema inal\u00e1mbrico en el Carnaval de Sao Paulo.<\/p>    <\/div>\n<\/div>\n<!-- \/module text -->        <\/div>\n                    <div  data-lazy=\"1\" class=\"module_column sub_column col3-1 tb_vaij642 last\">\n                    <!-- module image -->\n<div  class=\"module module-image tb_brlf643 image-overlay   auto_fullwidth tf_mw\" data-lazy=\"1\">\n        <div class=\"image-wrap tf_rel tf_mw\">\n            <a href=\"http:\/\/www.clear-c.com\/site\/wp-content\/uploads\/2016\/07\/Estudio-de-Oliver.jpg\">\n                   <img loading=\"lazy\" decoding=\"async\" src=\"http:\/\/www.clear-c.com\/site\/wp-content\/uploads\/2016\/07\/Estudio-de-Oliver.jpg\" width=\"800\" height=\"1041\" title=\"Quienes Somos\" alt=\"Quienes Somos\">        <\/a>\n    \n    \n                <\/div>\n        <!-- \/image-wrap -->\n    <\/div>\n<!-- \/module image --><!-- module text -->\n<div  class=\"module module-text tb_yilu643   \" data-lazy=\"1\">\n        <div  class=\"tb_text_wrap\">\n        <p style=\"text-align: center;\">Estudio de grabaci\u00f3n dise\u00f1ado y construido por Clear Cut. Inc.<\/p>    <\/div>\n<\/div>\n<!-- \/module text -->        <\/div>\n                    <\/div>\n                <\/div>\n                        <\/div>\n        <\/div>\n                        <div  data-lazy=\"1\" class=\"module_row themify_builder_row tb_3tup632 tf_w\">\n            <span class=\"builder_row_cover tf_abs\"><\/span>            <div class=\"row_inner col_align_top tb_col_count_1 tf_box tf_rel\">\n                        <div  data-lazy=\"1\" class=\"module_column tb-column col-full tb_wmmd644 first\">\n                    <!-- module image -->\n<div  class=\"module module-image tb_hf56644 image-overlay   auto_fullwidth tf_mw\" data-lazy=\"1\">\n        <div class=\"image-wrap tf_rel tf_mw\">\n            <a href=\"http:\/\/www.clear-c.com\/site\/wp-content\/uploads\/2016\/07\/Tito-Puentes-con-Oli.jpg\">\n                   <img decoding=\"async\" src=\"http:\/\/www.clear-c.com\/site\/wp-content\/uploads\/2019\/11\/IMG_4367.jpg\" title=\"Quienes Somos\" alt=\"Quienes Somos\">        <\/a>\n    \n    \n                <\/div>\n        <!-- \/image-wrap -->\n    <\/div>\n<!-- \/module image --><!-- module text -->\n<div  class=\"module module-text tb_r2pn644   \" data-lazy=\"1\">\n        <div  class=\"tb_text_wrap\">\n        <p style=\"text-align: center;\">Oliver Baumann\u00a0junto al legendario Bob Orban.<\/p>    <\/div>\n<\/div>\n<!-- \/module text -->        <\/div>\n                        <\/div>\n        <\/div>\n                        <div  data-lazy=\"1\" class=\"module_row themify_builder_row tb_whop632 tf_w\">\n            <span class=\"builder_row_cover tf_abs\"><\/span>            <div class=\"row_inner col_align_top tb_col_count_3 tf_box tf_rel\">\n                        <div  data-lazy=\"1\" class=\"module_column tb-column col3-1 tb_9ihd644 first\">\n                    <!-- module image -->\n<div  class=\"module module-image tb_qg6z645 image-overlay   auto_fullwidth tf_mw\" data-lazy=\"1\">\n        <div class=\"image-wrap tf_rel tf_mw\">\n            <a href=\"http:\/\/www.clear-c.com\/site\/wp-content\/uploads\/2016\/07\/Tito-Puentes-con-Oli.jpg\">\n                   <img loading=\"lazy\" decoding=\"async\" src=\"http:\/\/www.clear-c.com\/site\/wp-content\/uploads\/2016\/07\/Tito-Puentes-con-Oli.jpg\" width=\"1200\" height=\"788\" title=\"Quienes Somos\" alt=\"Quienes Somos\">        <\/a>\n    \n    \n                <\/div>\n        <!-- \/image-wrap -->\n    <\/div>\n<!-- \/module image --><!-- module text -->\n<div  class=\"module module-text tb_s59j645   \" data-lazy=\"1\">\n        <div  class=\"tb_text_wrap\">\n        <p style=\"text-align: center;\">Oliver Baumann junto a Tito Puente en Univisi\u00f3n, Miami.<\/p>    <\/div>\n<\/div>\n<!-- \/module text -->        <\/div>\n                    <div  data-lazy=\"1\" class=\"module_column tb-column col3-1 tb_c761645\">\n                    <!-- module image -->\n<div  class=\"module module-image tb_l9lr645 image-overlay   auto_fullwidth tf_mw\" data-lazy=\"1\">\n        <div class=\"image-wrap tf_rel tf_mw\">\n            <a href=\"http:\/\/www.clear-c.com\/site\/wp-content\/uploads\/2016\/07\/Sabado-Gigante-600.jpg\">\n                   <img loading=\"lazy\" decoding=\"async\" src=\"http:\/\/www.clear-c.com\/site\/wp-content\/uploads\/2016\/07\/Sabado-Gigante-600.jpg\" width=\"1200\" height=\"788\" title=\"Quienes Somos\" alt=\"Quienes Somos\">        <\/a>\n    \n    \n                <\/div>\n        <!-- \/image-wrap -->\n    <\/div>\n<!-- \/module image --><!-- module text -->\n<div  class=\"module module-text tb_252f645   \" data-lazy=\"1\">\n        <div  class=\"tb_text_wrap\">\n        <p style=\"text-align: center;\">Oliver en el equipo de S\u00e1bado Gigante.<\/p>    <\/div>\n<\/div>\n<!-- \/module text -->        <\/div>\n                    <div  data-lazy=\"1\" class=\"module_column tb-column col3-1 tb_ujlo646 last\">\n                    <!-- module image -->\n<div  class=\"module module-image tb_b0un646 image-overlay   auto_fullwidth tf_mw\" data-lazy=\"1\">\n        <div class=\"image-wrap tf_rel tf_mw\">\n            <a href=\"http:\/\/www.clear-c.com\/site\/wp-content\/uploads\/2016\/07\/Oliver-junto-a-Congreso.jpg\">\n                   <img decoding=\"async\" src=\"http:\/\/www.clear-c.com\/site\/wp-content\/uploads\/2016\/08\/scan0009-copia-2.jpg\" title=\"Quienes Somos\" alt=\"Quienes Somos\">        <\/a>\n    \n    \n                <\/div>\n        <!-- \/image-wrap -->\n    <\/div>\n<!-- \/module image --><!-- module text -->\n<div  class=\"module module-text tb_zqs9646   \" data-lazy=\"1\">\n        <div  class=\"tb_text_wrap\">\n        <p style=\"text-align: center;\">Jorge Campos (Congreso, Fulano), <br \/>Oliver Baumann y Julio Saravia.<\/p>    <\/div>\n<\/div>\n<!-- \/module text -->        <\/div>\n                        <\/div>\n        <\/div>\n        <\/div>\n<!--\/themify_builder_content-->","protected":false},"excerpt":{"rendered":"<p>Mission Statement Clear Cut, Inc. se compone de un equipo humano altamente motivado, especializado en todos los aspectos del audio y video profesional. Nuestra meta es ser el proveedor l\u00edder para soluciones audiovisuales, ofreciendo la mejor soluci\u00f3n tecnol\u00f3gica, sin importar el tama\u00f1o de su presupuesto. Clear Cut, Inc. provee:&#8211; Venta de equipo y repuestos&#8211; Dise\u00f1o [&hellip;]<\/p>\n","protected":false},"author":1,"featured_media":0,"parent":0,"menu_order":0,"comment_status":"closed","ping_status":"closed","template":"","meta":{"footnotes":""},"class_list":["post-2823","page","type-page","status-publish","hentry","has-post-title","has-post-date","has-post-category","has-post-tag","has-post-comment","has-post-author",""],"builder_content":"<h3>Mission Statement<\/h3> <p>Clear Cut, Inc. se compone de un equipo humano altamente motivado, especializado en todos los aspectos del audio y video profesional. Nuestra meta es ser el proveedor l\u00edder para soluciones audiovisuales, ofreciendo la mejor soluci\u00f3n tecnol\u00f3gica, sin importar el tama\u00f1o de su presupuesto.<\/p><p>Clear Cut, Inc. provee:<br \/>- Venta de equipo y repuestos<br \/>- Dise\u00f1o de sistemas audiovisuales<br \/>- Proyectos \"llave en mano\"<br \/>- Asesoramiento y servicio<\/p>\n<h1 style=\"text-align: center;\">Quienes Somos<\/h1>\n<h4 style=\"text-align: center;\">Clear Cut Inc.<\/h4>\n<p style=\"text-align: center;\">Un equipo con experiencia en el mundo del espect\u00e1culo. Desde 1987 observamos el avance tecnol\u00f3gico en audio y v\u00eddeo profesional.<\/p>\n<p style=\"text-align: center;\">Es un gusto ofrecer soluciones basadas en nuestra experiencia\u00a0a clientes en\u00a0toda Latinoam\u00e9rica.<\/p>\n<p style=\"text-align: center;\">Desde soluciones para home studio hasta proyectos de televisi\u00f3n.\u00a0<a href=\"http:\/\/www.clear-c.com\/site\/contacto\/\">Escr\u00edbanos<\/a> y le asistiremos en su pr\u00f3ximo proyecto.<\/p>\n<a href=\"http:\/\/www.clear-c.com\/site\/wp-content\/uploads\/2016\/07\/Oliver-en-brasil.jpg\"> <img src=\"http:\/\/www.clear-c.com\/site\/wp-content\/uploads\/2016\/07\/Oliver-en-brasil.jpg\" width=\"1200\" height=\"809\" title=\"Quienes Somos\" alt=\"Quienes Somos\"> <\/a>\n<p style=\"text-align: center;\">Puesta en marcha y calibraci\u00f3n de sistema inal\u00e1mbrico en el Carnaval de Sao Paulo.<\/p>\n<a href=\"http:\/\/www.clear-c.com\/site\/wp-content\/uploads\/2016\/07\/Estudio-de-Oliver.jpg\"> <img src=\"http:\/\/www.clear-c.com\/site\/wp-content\/uploads\/2016\/07\/Estudio-de-Oliver.jpg\" width=\"800\" height=\"1041\" title=\"Quienes Somos\" alt=\"Quienes Somos\"> <\/a>\n<p style=\"text-align: center;\">Estudio de grabaci\u00f3n dise\u00f1ado y construido por Clear Cut. Inc.<\/p>\n<a href=\"http:\/\/www.clear-c.com\/site\/wp-content\/uploads\/2016\/07\/Tito-Puentes-con-Oli.jpg\"> <img src=\"http:\/\/www.clear-c.com\/site\/wp-content\/uploads\/2019\/11\/IMG_4367.jpg\" title=\"Quienes Somos\" alt=\"Quienes Somos\"> <\/a>\n<p style=\"text-align: center;\">Oliver Baumann\u00a0junto al legendario Bob Orban.<\/p>\n<a href=\"http:\/\/www.clear-c.com\/site\/wp-content\/uploads\/2016\/07\/Tito-Puentes-con-Oli.jpg\"> <img src=\"http:\/\/www.clear-c.com\/site\/wp-content\/uploads\/2016\/07\/Tito-Puentes-con-Oli.jpg\" width=\"1200\" height=\"788\" title=\"Quienes Somos\" alt=\"Quienes Somos\"> <\/a>\n<p style=\"text-align: center;\">Oliver Baumann junto a Tito Puente en Univisi\u00f3n, Miami.<\/p>\n<a href=\"http:\/\/www.clear-c.com\/site\/wp-content\/uploads\/2016\/07\/Sabado-Gigante-600.jpg\"> <img src=\"http:\/\/www.clear-c.com\/site\/wp-content\/uploads\/2016\/07\/Sabado-Gigante-600.jpg\" width=\"1200\" height=\"788\" title=\"Quienes Somos\" alt=\"Quienes Somos\"> <\/a>\n<p style=\"text-align: center;\">Oliver en el equipo de S\u00e1bado Gigante.<\/p>\n<a href=\"http:\/\/www.clear-c.com\/site\/wp-content\/uploads\/2016\/07\/Oliver-junto-a-Congreso.jpg\"> <img src=\"http:\/\/www.clear-c.com\/site\/wp-content\/uploads\/2016\/08\/scan0009-copia-2.jpg\" title=\"Quienes Somos\" alt=\"Quienes Somos\"> <\/a>\n<p style=\"text-align: center;\">Jorge Campos (Congreso, Fulano), <br \/>Oliver Baumann y Julio Saravia.<\/p>","_links":{"self":[{"href":"https:\/\/www.clear-c.com\/site\/wp-json\/wp\/v2\/pages\/2823","targetHints":{"allow":["GET"]}}],"collection":[{"href":"https:\/\/www.clear-c.com\/site\/wp-json\/wp\/v2\/pages"}],"about":[{"href":"https:\/\/www.clear-c.com\/site\/wp-json\/wp\/v2\/types\/page"}],"author":[{"embeddable":true,"href":"https:\/\/www.clear-c.com\/site\/wp-json\/wp\/v2\/users\/1"}],"replies":[{"embeddable":true,"href":"https:\/\/www.clear-c.com\/site\/wp-json\/wp\/v2\/comments?post=2823"}],"version-history":[{"count":3,"href":"https:\/\/www.clear-c.com\/site\/wp-json\/wp\/v2\/pages\/2823\/revisions"}],"predecessor-version":[{"id":2975,"href":"https:\/\/www.clear-c.com\/site\/wp-json\/wp\/v2\/pages\/2823\/revisions\/2975"}],"wp:attachment":[{"href":"https:\/\/www.clear-c.com\/site\/wp-json\/wp\/v2\/media?parent=2823"}],"curies":[{"name":"wp","href":"https:\/\/api.w.org\/{rel}","templated":true}]}}